{"id":12138,"date":"2018-12-17T12:26:36","date_gmt":"2018-12-17T12:26:36","guid":{"rendered":"https:\/\/enovathemes.com\/samatex\/?page_id=12138"},"modified":"2021-04-26T06:56:17","modified_gmt":"2021-04-26T04:56:17","slug":"project-masonry-2","status":"publish","type":"page","link":"https:\/\/train-suarl.com\/index.php\/project-masonry-2\/","title":{"rendered":"Nos Produits"},"content":{"rendered":"[vc_row][vc_column]<div id=\"et-shortcode-projects-638395\" class=\"et-shortcode-projects project-layout large project-with-details grid gap-true image-full-false project-container-boxed\"><div class=\"loop-posts loop-project et-item-set overlay-fade effect-fadeIn et-clearfix\" data-columns=\"2\" data-autoplay=\"false\"><article class=\"et-item post post-17909 project type-project status-publish has-post-thumbnail hentry\" id=\"project-17909\"><div class=\"post-inner et-item-inner et-clearfix\"><div class=\"overlay-hover\"><div class=\"post-image post-media\"><a href=\"https:\/\/train-suarl.com\/index.php\/project\/boulonne-de-chapeau-soude-filete-a-douille-a-souder-bout-a-bout-bout-a-brides-a-lexterieur-de-la-vis-et-de-letrier\/\" title=\"Read more about Vanne d&#8217;arr\u00eat\" rel=\"bookmark\"><div class=\"post-image-overlay\"><div class=\"post-image-overlay-content\"><span class=\"overlay-read-more\"><\/span><\/div><\/div><\/a><div class=\"image-container\"><div class=\"image-preloader\"><\/div><img loading=\"lazy\" decoding=\"async\" width=\"600\" height=\"370\" src=\"https:\/\/train-suarl.com\/wp-content\/uploads\/2019\/02\/8-DERVAL-GATE-VALVE-600x370.jpg\" class=\"attachment-samatex_600X370 size-samatex_600X370 wp-post-image\" alt=\"Vanne d&#8217;arr\u00eat\" data-responsive-images=\"false\" \/><\/div><\/div><div class=\"post-body et-clearfix\"><div class=\"post-body-inner-wrap\"><div class=\"post-body-inner\"><div class=\"project-category\"><\/div><h4 class=\"post-title entry-title\"><a href=\"https:\/\/train-suarl.com\/index.php\/project\/boulonne-de-chapeau-soude-filete-a-douille-a-souder-bout-a-bout-bout-a-brides-a-lexterieur-de-la-vis-et-de-letrier\/\" title=\"Read more about Vanne d&#8217;arr\u00eat\" rel=\"bookmark\">Vanne d&#8217;arr\u00eat<\/a><\/h4><\/div><\/div><\/div><\/div><\/div><\/article><article class=\"et-item post post-17910 project type-project status-publish has-post-thumbnail hentry\" id=\"project-17910\"><div class=\"post-inner et-item-inner et-clearfix\"><div class=\"overlay-hover\"><div class=\"post-image post-media\"><a href=\"https:\/\/train-suarl.com\/index.php\/project\/boulonne-de-chapeau-soude-filete-a-douille-a-souder-bout-a-bout-bout-a-brides-a-lexterieur-de-la-vis-et-de-letrier-2\/\" title=\"Read more about Robinet \u00e0 soupape\" rel=\"bookmark\"><div class=\"post-image-overlay\"><div class=\"post-image-overlay-content\"><span class=\"overlay-read-more\"><\/span><\/div><\/div><\/a><div class=\"image-container\"><div class=\"image-preloader\"><\/div><img loading=\"lazy\" decoding=\"async\" width=\"600\" height=\"370\" src=\"https:\/\/train-suarl.com\/wp-content\/uploads\/2019\/02\/10-DERVAL-GLOBE-VALVE-600x370.jpg\" class=\"attachment-samatex_600X370 size-samatex_600X370 wp-post-image\" alt=\"Robinet \u00e0 soupape\" data-responsive-images=\"false\" \/><\/div><\/div><div class=\"post-body et-clearfix\"><div class=\"post-body-inner-wrap\"><div class=\"post-body-inner\"><div class=\"project-category\"><\/div><h4 class=\"post-title entry-title\"><a href=\"https:\/\/train-suarl.com\/index.php\/project\/boulonne-de-chapeau-soude-filete-a-douille-a-souder-bout-a-bout-bout-a-brides-a-lexterieur-de-la-vis-et-de-letrier-2\/\" title=\"Read more about Robinet \u00e0 soupape\" rel=\"bookmark\">Robinet \u00e0 soupape<\/a><\/h4><\/div><\/div><\/div><\/div><\/div><\/article><article class=\"et-item post post-17911 project type-project status-publish has-post-thumbnail hentry\" id=\"project-17911\"><div class=\"post-inner et-item-inner et-clearfix\"><div class=\"overlay-hover\"><div class=\"post-image post-media\"><a href=\"https:\/\/train-suarl.com\/index.php\/project\/boulonne-de-chapeau-soude-filete-a-douille-a-souder-bout-a-bout-bout-a-brides-a-lexterieur-de-la-vis-et-de-letrier-3\/\" title=\"Read more about Clapet anti-retour\" rel=\"bookmark\"><div class=\"post-image-overlay\"><div class=\"post-image-overlay-content\"><span class=\"overlay-read-more\"><\/span><\/div><\/div><\/a><div class=\"image-container\"><div class=\"image-preloader\"><\/div><img loading=\"lazy\" decoding=\"async\" width=\"600\" height=\"370\" src=\"https:\/\/train-suarl.com\/wp-content\/uploads\/2019\/02\/12-DERVAL-CHECK-VALVE-600x370.jpg\" class=\"attachment-samatex_600X370 size-samatex_600X370 wp-post-image\" alt=\"Clapet anti-retour\" data-responsive-images=\"false\" \/><\/div><\/div><div class=\"post-body et-clearfix\"><div class=\"post-body-inner-wrap\"><div class=\"post-body-inner\"><div class=\"project-category\"><\/div><h4 class=\"post-title entry-title\"><a href=\"https:\/\/train-suarl.com\/index.php\/project\/boulonne-de-chapeau-soude-filete-a-douille-a-souder-bout-a-bout-bout-a-brides-a-lexterieur-de-la-vis-et-de-letrier-3\/\" title=\"Read more about Clapet anti-retour\" rel=\"bookmark\">Clapet anti-retour<\/a><\/h4><\/div><\/div><\/div><\/div><\/div><\/article><article class=\"et-item post post-17912 project type-project status-publish has-post-thumbnail hentry\" id=\"project-17912\"><div class=\"post-inner et-item-inner et-clearfix\"><div class=\"overlay-hover\"><div class=\"post-image post-media\"><a href=\"https:\/\/train-suarl.com\/index.php\/project\/chapeau-boulonne-du-joint-de-pression-bride-des-extremites-de-soudage-bout-a-bout-a-lexterieur-de-la-vis-et-de-letrier\/\" title=\"Read more about Vanne d&#8217;arr\u00eat\" rel=\"bookmark\"><div class=\"post-image-overlay\"><div class=\"post-image-overlay-content\"><span class=\"overlay-read-more\"><\/span><\/div><\/div><\/a><div class=\"image-container\"><div class=\"image-preloader\"><\/div><img loading=\"lazy\" decoding=\"async\" width=\"600\" height=\"370\" src=\"https:\/\/train-suarl.com\/wp-content\/uploads\/2021\/03\/2-DERVAL-GATE-VALVE-600x370.jpg\" class=\"attachment-samatex_600X370 size-samatex_600X370 wp-post-image\" alt=\"Vanne d&#8217;arr\u00eat\" data-responsive-images=\"false\" \/><\/div><\/div><div class=\"post-body et-clearfix\"><div class=\"post-body-inner-wrap\"><div class=\"post-body-inner\"><div class=\"project-category\"><\/div><h4 class=\"post-title entry-title\"><a href=\"https:\/\/train-suarl.com\/index.php\/project\/chapeau-boulonne-du-joint-de-pression-bride-des-extremites-de-soudage-bout-a-bout-a-lexterieur-de-la-vis-et-de-letrier\/\" title=\"Read more about Vanne d&#8217;arr\u00eat\" rel=\"bookmark\">Vanne d&#8217;arr\u00eat<\/a><\/h4><\/div><\/div><\/div><\/div><\/div><\/article><article class=\"et-item post post-17915 project type-project status-publish has-post-thumbnail hentry\" id=\"project-17915\"><div class=\"post-inner et-item-inner et-clearfix\"><div class=\"overlay-hover\"><div class=\"post-image post-media\"><a href=\"https:\/\/train-suarl.com\/index.php\/project\/chapeau-boulonne-du-joint-de-pression-bride-des-extremites-de-soudage-bout-a-bout-a-lexterieur-de-la-vis-et-de-letrier-2\/\" title=\"Read more about Robinet \u00e0 soupape\" rel=\"bookmark\"><div class=\"post-image-overlay\"><div class=\"post-image-overlay-content\"><span class=\"overlay-read-more\"><\/span><\/div><\/div><\/a><div class=\"image-container\"><div class=\"image-preloader\"><\/div><img loading=\"lazy\" decoding=\"async\" width=\"278\" height=\"370\" src=\"https:\/\/train-suarl.com\/wp-content\/uploads\/2021\/03\/25-DERVAL-GLOBE-VALVE-2-scaled.jpg\" class=\"attachment-samatex_600X370 size-samatex_600X370 wp-post-image\" alt=\"Robinet \u00e0 soupape\" data-responsive-images=\"false\" \/><\/div><\/div><div class=\"post-body et-clearfix\"><div class=\"post-body-inner-wrap\"><div class=\"post-body-inner\"><div class=\"project-category\"><\/div><h4 class=\"post-title entry-title\"><a href=\"https:\/\/train-suarl.com\/index.php\/project\/chapeau-boulonne-du-joint-de-pression-bride-des-extremites-de-soudage-bout-a-bout-a-lexterieur-de-la-vis-et-de-letrier-2\/\" title=\"Read more about Robinet \u00e0 soupape\" rel=\"bookmark\">Robinet \u00e0 soupape<\/a><\/h4><\/div><\/div><\/div><\/div><\/div><\/article><article class=\"et-item post post-17916 project type-project status-publish has-post-thumbnail hentry\" id=\"project-17916\"><div class=\"post-inner et-item-inner et-clearfix\"><div class=\"overlay-hover\"><div class=\"post-image post-media\"><a href=\"https:\/\/train-suarl.com\/index.php\/project\/chapeau-boulonne-du-joint-de-pression-bride-des-extremites-de-soudage-bout-a-bout-a-lexterieur-de-la-vis-et-de-letrier-3\/\" title=\"Read more about Robinet \u00e0 soupape\" rel=\"bookmark\"><div class=\"post-image-overlay\"><div class=\"post-image-overlay-content\"><span class=\"overlay-read-more\"><\/span><\/div><\/div><\/a><div class=\"image-container\"><div class=\"image-preloader\"><\/div><img loading=\"lazy\" decoding=\"async\" width=\"600\" height=\"370\" src=\"https:\/\/train-suarl.com\/wp-content\/uploads\/2019\/02\/6-DERVAL-GLOBE-VALVE-600x370.jpg\" class=\"attachment-samatex_600X370 size-samatex_600X370 wp-post-image\" alt=\"Robinet \u00e0 soupape\" data-responsive-images=\"false\" \/><\/div><\/div><div class=\"post-body et-clearfix\"><div class=\"post-body-inner-wrap\"><div class=\"post-body-inner\"><div class=\"project-category\"><\/div><h4 class=\"post-title entry-title\"><a href=\"https:\/\/train-suarl.com\/index.php\/project\/chapeau-boulonne-du-joint-de-pression-bride-des-extremites-de-soudage-bout-a-bout-a-lexterieur-de-la-vis-et-de-letrier-3\/\" title=\"Read more about Robinet \u00e0 soupape\" rel=\"bookmark\">Robinet \u00e0 soupape<\/a><\/h4><\/div><\/div><\/div><\/div><\/div><\/article><article class=\"et-item post post-17918 project type-project status-publish has-post-thumbnail hentry\" id=\"project-17918\"><div class=\"post-inner et-item-inner et-clearfix\"><div class=\"overlay-hover\"><div class=\"post-image post-media\"><a href=\"https:\/\/train-suarl.com\/index.php\/project\/chapeau-boulonne-du-joint-de-pression-bride-des-extremites-de-soudage-bout-a-bout-a-lexterieur-de-la-vis-et-de-letrier-4\/\" title=\"Read more about Vanne d&#8217;arr\u00eat\" rel=\"bookmark\"><div class=\"post-image-overlay\"><div class=\"post-image-overlay-content\"><span class=\"overlay-read-more\"><\/span><\/div><\/div><\/a><div class=\"image-container\"><div class=\"image-preloader\"><\/div><img loading=\"lazy\" decoding=\"async\" width=\"1\" height=\"1\" src=\"https:\/\/train-suarl.com\/wp-content\/uploads\/2019\/02\/13-DERVAL-GATE-VALVE.jpg\" class=\"attachment-samatex_600X370 size-samatex_600X370 wp-post-image\" alt=\"Vanne d&#8217;arr\u00eat\" data-responsive-images=\"false\" \/><\/div><\/div><div class=\"post-body et-clearfix\"><div class=\"post-body-inner-wrap\"><div class=\"post-body-inner\"><div class=\"project-category\"><\/div><h4 class=\"post-title entry-title\"><a href=\"https:\/\/train-suarl.com\/index.php\/project\/chapeau-boulonne-du-joint-de-pression-bride-des-extremites-de-soudage-bout-a-bout-a-lexterieur-de-la-vis-et-de-letrier-4\/\" title=\"Read more about Vanne d&#8217;arr\u00eat\" rel=\"bookmark\">Vanne d&#8217;arr\u00eat<\/a><\/h4><\/div><\/div><\/div><\/div><\/div><\/article><article class=\"et-item post post-17924 project type-project status-publish has-post-thumbnail hentry\" id=\"project-17924\"><div class=\"post-inner et-item-inner et-clearfix\"><div class=\"overlay-hover\"><div class=\"post-image post-media\"><a href=\"https:\/\/train-suarl.com\/index.php\/project\/couvercle-boulonne-extremites-a-brides-ou-a-souder-bout-a-bout\/\" title=\"Read more about couvercle boulonn\u00e9 extr\u00e9mit\u00e9s \u00e0 brides ou \u00e0 souder bout \u00e0 bout\" rel=\"bookmark\"><div class=\"post-image-overlay\"><div class=\"post-image-overlay-content\"><span class=\"overlay-read-more\"><\/span><\/div><\/div><\/a><div class=\"image-container\"><div class=\"image-preloader\"><\/div><img loading=\"lazy\" decoding=\"async\" width=\"320\" height=\"370\" src=\"https:\/\/train-suarl.com\/wp-content\/uploads\/2021\/03\/20-DERVAL-Y-STRAINER.jpg\" class=\"attachment-samatex_600X370 size-samatex_600X370 wp-post-image\" alt=\"couvercle boulonn\u00e9 extr\u00e9mit\u00e9s \u00e0 brides ou \u00e0 souder bout \u00e0 bout\" data-responsive-images=\"false\" \/><\/div><\/div><div class=\"post-body et-clearfix\"><div class=\"post-body-inner-wrap\"><div class=\"post-body-inner\"><div class=\"project-category\"><\/div><h4 class=\"post-title entry-title\"><a href=\"https:\/\/train-suarl.com\/index.php\/project\/couvercle-boulonne-extremites-a-brides-ou-a-souder-bout-a-bout\/\" title=\"Read more about couvercle boulonn\u00e9 extr\u00e9mit\u00e9s \u00e0 brides ou \u00e0 souder bout \u00e0 bout\" rel=\"bookmark\">couvercle boulonn\u00e9 extr\u00e9mit\u00e9s \u00e0 brides ou \u00e0 souder bout \u00e0 bout<\/a><\/h4><\/div><\/div><\/div><\/div><\/div><\/article><article class=\"et-item post post-17926 project type-project status-publish has-post-thumbnail hentry\" id=\"project-17926\"><div class=\"post-inner et-item-inner et-clearfix\"><div class=\"overlay-hover\"><div class=\"post-image post-media\"><a href=\"https:\/\/train-suarl.com\/index.php\/project\/couvercle-boulonne-de-type-a-plaque-pivotante-ou-double-des-extremites-a-brides-ou-a-souder-bout-a-bout\/\" title=\"Read more about Clapet anti-retour\" rel=\"bookmark\"><div class=\"post-image-overlay\"><div class=\"post-image-overlay-content\"><span class=\"overlay-read-more\"><\/span><\/div><\/div><\/a><div class=\"image-container\"><div class=\"image-preloader\"><\/div><img loading=\"lazy\" decoding=\"async\" width=\"600\" height=\"370\" src=\"https:\/\/train-suarl.com\/wp-content\/uploads\/2021\/03\/15-DERVAL-CHECK-VALVE-1-600x370.jpg\" class=\"attachment-samatex_600X370 size-samatex_600X370 wp-post-image\" alt=\"Clapet anti-retour\" data-responsive-images=\"false\" \/><\/div><\/div><div class=\"post-body et-clearfix\"><div class=\"post-body-inner-wrap\"><div class=\"post-body-inner\"><div class=\"project-category\"><\/div><h4 class=\"post-title entry-title\"><a href=\"https:\/\/train-suarl.com\/index.php\/project\/couvercle-boulonne-de-type-a-plaque-pivotante-ou-double-des-extremites-a-brides-ou-a-souder-bout-a-bout\/\" title=\"Read more about Clapet anti-retour\" rel=\"bookmark\">Clapet anti-retour<\/a><\/h4><\/div><\/div><\/div><\/div><\/div><\/article><article class=\"et-item post post-17928 project type-project status-publish has-post-thumbnail hentry\" id=\"project-17928\"><div class=\"post-inner et-item-inner et-clearfix\"><div class=\"overlay-hover\"><div class=\"post-image post-media\"><a href=\"https:\/\/train-suarl.com\/index.php\/project\/couvercle-boulonne-extremites-a-brides-ou-a-souder-bout-a-bout-2\/\" title=\"Read more about Vanne filtrante type \u00abY\u00bb\" rel=\"bookmark\"><div class=\"post-image-overlay\"><div class=\"post-image-overlay-content\"><span class=\"overlay-read-more\"><\/span><\/div><\/div><\/a><div class=\"image-container\"><div class=\"image-preloader\"><\/div><img loading=\"lazy\" decoding=\"async\" width=\"600\" height=\"370\" src=\"https:\/\/train-suarl.com\/wp-content\/uploads\/2019\/02\/26-DERVAL-Y-STRAINER-600x370.jpg\" class=\"attachment-samatex_600X370 size-samatex_600X370 wp-post-image\" alt=\"Vanne filtrante type \u00abY\u00bb\" data-responsive-images=\"false\" \/><\/div><\/div><div class=\"post-body et-clearfix\"><div class=\"post-body-inner-wrap\"><div class=\"post-body-inner\"><div class=\"project-category\"><\/div><h4 class=\"post-title entry-title\"><a href=\"https:\/\/train-suarl.com\/index.php\/project\/couvercle-boulonne-extremites-a-brides-ou-a-souder-bout-a-bout-2\/\" title=\"Read more about Vanne filtrante type \u00abY\u00bb\" rel=\"bookmark\">Vanne filtrante type \u00abY\u00bb<\/a><\/h4><\/div><\/div><\/div><\/div><\/div><\/article><article class=\"et-item post post-17929 project type-project status-publish has-post-thumbnail hentry\" id=\"project-17929\"><div class=\"post-inner et-item-inner et-clearfix\"><div class=\"overlay-hover\"><div class=\"post-image post-media\"><a href=\"https:\/\/train-suarl.com\/index.php\/project\/couvercle-visse-ou-boulonne-emboitement-filete-soudure-bout-a-bout-bout-a-brides\/\" title=\"Read more about Clapet anti-retour\" rel=\"bookmark\"><div class=\"post-image-overlay\"><div class=\"post-image-overlay-content\"><span class=\"overlay-read-more\"><\/span><\/div><\/div><\/a><div class=\"image-container\"><div class=\"image-preloader\"><\/div><img loading=\"lazy\" decoding=\"async\" width=\"600\" height=\"370\" src=\"https:\/\/train-suarl.com\/wp-content\/uploads\/2021\/03\/21-DERVAL-Y-STRAINER-600x370.jpg\" class=\"attachment-samatex_600X370 size-samatex_600X370 wp-post-image\" alt=\"Clapet anti-retour\" data-responsive-images=\"false\" \/><\/div><\/div><div class=\"post-body et-clearfix\"><div class=\"post-body-inner-wrap\"><div class=\"post-body-inner\"><div class=\"project-category\"><\/div><h4 class=\"post-title entry-title\"><a href=\"https:\/\/train-suarl.com\/index.php\/project\/couvercle-visse-ou-boulonne-emboitement-filete-soudure-bout-a-bout-bout-a-brides\/\" title=\"Read more about Clapet anti-retour\" rel=\"bookmark\">Clapet anti-retour<\/a><\/h4><\/div><\/div><\/div><\/div><\/div><\/article><article class=\"et-item post post-17937 project type-project status-publish has-post-thumbnail hentry\" id=\"project-17937\"><div class=\"post-inner et-item-inner et-clearfix\"><div class=\"overlay-hover\"><div class=\"post-image post-media\"><a href=\"https:\/\/train-suarl.com\/index.php\/project\/vanne-filtrante-type-y\/\" title=\"Read more about Vanne filtrante type \u00abY\u00bb\" rel=\"bookmark\"><div class=\"post-image-overlay\"><div class=\"post-image-overlay-content\"><span class=\"overlay-read-more\"><\/span><\/div><\/div><\/a><div class=\"image-container\"><div class=\"image-preloader\"><\/div><img loading=\"lazy\" decoding=\"async\" width=\"600\" height=\"337\" src=\"https:\/\/train-suarl.com\/wp-content\/uploads\/2019\/02\/27-DERVAL-Y-STRAINER-scaled.jpg\" class=\"attachment-samatex_600X370 size-samatex_600X370 wp-post-image\" alt=\"Vanne filtrante type \u00abY\u00bb\" data-responsive-images=\"false\" \/><\/div><\/div><div class=\"post-body et-clearfix\"><div class=\"post-body-inner-wrap\"><div class=\"post-body-inner\"><div class=\"project-category\"><\/div><h4 class=\"post-title entry-title\"><a href=\"https:\/\/train-suarl.com\/index.php\/project\/vanne-filtrante-type-y\/\" title=\"Read more about Vanne filtrante type \u00abY\u00bb\" rel=\"bookmark\">Vanne filtrante type \u00abY\u00bb<\/a><\/h4><\/div><\/div><\/div><\/div><\/div><\/article><\/div><\/div>[\/vc_column][\/vc_row]\n","protected":false},"excerpt":{"rendered":"<p>[vc_row][vc_column][\/vc_column][\/vc_row]<\/p>\n","protected":false},"author":1,"featured_media":0,"parent":0,"menu_order":0,"comment_status":"closed","ping_status":"closed","template":"page-vc.php","meta":{"om_disable_all_campaigns":false,"_monsterinsights_skip_tracking":false,"_monsterinsights_sitenote_active":false,"_monsterinsights_sitenote_note":"","_monsterinsights_sitenote_category":0,"footnotes":""},"class_list":["post-12138","page","type-page","status-publish","hentry"],"aioseo_notices":[],"_links":{"self":[{"href":"https:\/\/train-suarl.com\/index.php\/wp-json\/wp\/v2\/pages\/12138","targetHints":{"allow":["GET"]}}],"collection":[{"href":"https:\/\/train-suarl.com\/index.php\/wp-json\/wp\/v2\/pages"}],"about":[{"href":"https:\/\/train-suarl.com\/index.php\/wp-json\/wp\/v2\/types\/page"}],"author":[{"embeddable":true,"href":"https:\/\/train-suarl.com\/index.php\/wp-json\/wp\/v2\/users\/1"}],"replies":[{"embeddable":true,"href":"https:\/\/train-suarl.com\/index.php\/wp-json\/wp\/v2\/comments?post=12138"}],"version-history":[{"count":4,"href":"https:\/\/train-suarl.com\/index.php\/wp-json\/wp\/v2\/pages\/12138\/revisions"}],"predecessor-version":[{"id":18018,"href":"https:\/\/train-suarl.com\/index.php\/wp-json\/wp\/v2\/pages\/12138\/revisions\/18018"}],"wp:attachment":[{"href":"https:\/\/train-suarl.com\/index.php\/wp-json\/wp\/v2\/media?parent=12138"}],"curies":[{"name":"wp","href":"https:\/\/api.w.org\/{rel}","templated":true}]}}