{"id":18026,"date":"2021-04-26T08:10:51","date_gmt":"2021-04-26T06:10:51","guid":{"rendered":"http:\/\/train-suarl.com\/?page_id=18026"},"modified":"2021-04-26T08:18:13","modified_gmt":"2021-04-26T06:18:13","slug":"nos-references","status":"publish","type":"page","link":"https:\/\/train-suarl.com\/index.php\/nos-references\/","title":{"rendered":"Nos R\u00e9f\u00e9rences"},"content":{"rendered":"[vc_row][vc_column][vc_column_text animation_delay=&#8221;0&#8243;]\n<h2 style=\"text-align: center;\">Brides<\/h2>\n<p style=\"text-align: center;\"><strong>R\u00e8glements<\/strong> : EN 1092-1 ANSI GOST AWWA TEMA API 6B, 6BX Pi\u00e8ces sp\u00e9ciales PADS L.W.N. 8 DISQUES DE BRIDE SUR LE DESIGN<br \/>\n<strong>Accessoires de bride<\/strong> : BRIEFCASES DE BUT\u00c9E DE BAGUE<br \/>\n<strong>Mat\u00e9riaux JOINT<\/strong> : ALUMINIUM CARBON STEEL ALLIAGE D&#8217;ACIER INOXYDABLE ALLIAGE D&#8217;ACIER ET SUPER ALLIAGE CuNi<\/p>\n<h2 style=\"text-align: center;\">Raccords<\/h2>\n<p style=\"text-align: center;\"><strong>R\u00e8glements<\/strong> : S\u00c9RIE ISO DIN ASTM \/ ASME 3000, 6000 et 9000 LBS<br \/>\n<strong>Les types<\/strong> : GAZ FILET\u00c9 ET NPT POUR SOUDER BW ET SW \u00c0 OGIVA<br \/>\n<strong>Mat\u00e9riaux RAPIDES<\/strong> : FER MALLEABLE FONTE LAITON ACIER CARBONE ACIER INOXYDABLE ALLIAGE ACIER DUPLEX et SUPERDUPLEX<\/p>\n[\/vc_column_text][\/vc_column][\/vc_row]\n","protected":false},"excerpt":{"rendered":"<p>[vc_row][vc_column][vc_column_text animation_delay=&#8221;0&#8243;] Brides R\u00e8glements : EN 1092-1 ANSI GOST AWWA TEMA API 6B, 6BX Pi\u00e8ces sp\u00e9ciales PADS L.W.N. 8 DISQUES DE BRIDE SUR LE DESIGN Accessoires de bride : BRIEFCASES DE BUT\u00c9E DE BAGUE Mat\u00e9riaux JOINT : ALUMINIUM CARBON STEEL ALLIAGE D&#8217;ACIER INOXYDABLE ALLIAGE D&#8217;ACIER ET SUPER ALLIAGE CuNi Raccords R\u00e8glements : S\u00c9RIE ISO DIN [&hellip;]<\/p>\n","protected":false},"author":1,"featured_media":0,"parent":0,"menu_order":0,"comment_status":"closed","ping_status":"closed","template":"","meta":{"om_disable_all_campaigns":false,"_monsterinsights_skip_tracking":false,"_monsterinsights_sitenote_active":false,"_monsterinsights_sitenote_note":"","_monsterinsights_sitenote_category":0,"footnotes":""},"class_list":["post-18026","page","type-page","status-publish","hentry"],"aioseo_notices":[],"_links":{"self":[{"href":"https:\/\/train-suarl.com\/index.php\/wp-json\/wp\/v2\/pages\/18026","targetHints":{"allow":["GET"]}}],"collection":[{"href":"https:\/\/train-suarl.com\/index.php\/wp-json\/wp\/v2\/pages"}],"about":[{"href":"https:\/\/train-suarl.com\/index.php\/wp-json\/wp\/v2\/types\/page"}],"author":[{"embeddable":true,"href":"https:\/\/train-suarl.com\/index.php\/wp-json\/wp\/v2\/users\/1"}],"replies":[{"embeddable":true,"href":"https:\/\/train-suarl.com\/index.php\/wp-json\/wp\/v2\/comments?post=18026"}],"version-history":[{"count":3,"href":"https:\/\/train-suarl.com\/index.php\/wp-json\/wp\/v2\/pages\/18026\/revisions"}],"predecessor-version":[{"id":18030,"href":"https:\/\/train-suarl.com\/index.php\/wp-json\/wp\/v2\/pages\/18026\/revisions\/18030"}],"wp:attachment":[{"href":"https:\/\/train-suarl.com\/index.php\/wp-json\/wp\/v2\/media?parent=18026"}],"curies":[{"name":"wp","href":"https:\/\/api.w.org\/{rel}","templated":true}]}}