{"id":8069,"date":"2018-02-28T07:12:22","date_gmt":"2018-02-28T07:12:22","guid":{"rendered":"https:\/\/enovathemes.com\/samatex\/?page_id=8069"},"modified":"2021-04-26T07:06:23","modified_gmt":"2021-04-26T05:06:23","slug":"nospartenaires","status":"publish","type":"page","link":"https:\/\/train-suarl.com\/index.php\/nospartenaires\/","title":{"rendered":"Nos Partenaires"},"content":{"rendered":"[vc_row][vc_column width=&#8221;1\/2&#8243;]<div id=\"et-image-112065\" class=\"et-image alignnone curtain-left\" data-curtain=\"false\" data-animation-delay=\"0\" data-parallax=\"false\" data-move=\"false\" data-coordinatex=\"0\" data-coordinatey=\"0\" data-speed=\"10\"><img decoding=\"async\" width=\"t\" height=\"t\" src=\"https:\/\/train-suarl.com\/wp-content\/uploads\/2021\/04\/logo-derval.gif\" alt=\"TRAIN SUARL\"><\/div>[\/vc_column][vc_column width=&#8221;1\/2&#8243;][vc_column_text animation_delay=&#8221;0&#8243;]Derval: Derval est un fabricant et fournisseur leader de vannes pour les industries du p\u00e9trole, du gaz et de la production d&#8217;\u00e9lectricit\u00e9. Les principaux produits comprennent des robinets-vannes, des robinets \u00e0 soupape, des clapets anti-retour, une double plaque et des filtres, en acier forg\u00e9 ou coul\u00e9. Notre gamme de produits commence \u00e0 partir de 1\/2 &#8220;et s&#8217;\u00e9tend jusqu&#8217;\u00e0 60&#8221; avec une classe de pression ANSI \/ ASME de 150 \u00e0 2500 lb. et UNI PN 6 \u00e0 PN 100.<\/p>\n<p>TransAtlantic est le repr\u00e9sentant exclusif des produits au S\u00e9n\u00e9gal et dans toute l&#8217;Afrique de l&#8217;Ouest.[\/vc_column_text][\/vc_column][\/vc_row][vc_row][vc_column]<span class=\"et-gap et-clearfix et-gap-509906\"><\/span>[\/vc_column][\/vc_row][vc_row][vc_column width=&#8221;1\/2&#8243;][vc_column_text animation_delay=&#8221;0&#8243;]Valvorobica:35 ans d&#8217;exp\u00e9rience nous \u00e9lisent en tant que leader sur le march\u00e9 de la fourniture de syst\u00e8mes hydrauliques industriels. Une exp\u00e9rience consolid\u00e9e acquise en contact \u00e9troit avec les principales industries op\u00e9rant dans les secteurs chimique, pharmaceutique, alimentaire et textile, pour passer \u00e0 la teinture, la papeterie, la production d&#8217;\u00e9nergie, associ\u00e9e \u00e0 une offre de produits repr\u00e9sent\u00e9e par plus de 5000 r\u00e9f\u00e9rences g\u00e9r\u00e9es par les standards de stock, ont fait de notre entreprise l&#8217;une des r\u00e9f\u00e9rences les plus importantes du secteur.<br \/>\nL&#8217;entreprise emploie actuellement 50 personnes. La structure des ventes externes est g\u00e9r\u00e9e par des vendeurs directs et des agents. TransAtlantic est le repr\u00e9sentant exclusif des produits au S\u00e9n\u00e9gal et dans toute l&#8217;Afrique de l&#8217;Ouest[\/vc_column_text][\/vc_column][vc_column width=&#8221;1\/2&#8243;]<div id=\"et-image-433261\" class=\"et-image alignnone curtain-left\" data-curtain=\"false\" data-animation-delay=\"0\" data-parallax=\"false\" data-move=\"false\" data-coordinatex=\"0\" data-coordinatey=\"0\" data-speed=\"10\"><img decoding=\"async\" width=\"t\" height=\"t\" src=\"https:\/\/train-suarl.com\/wp-content\/uploads\/2021\/04\/logo-Valvorobica.gif\" alt=\"TRAIN SUARL\"><\/div>[\/vc_column][\/vc_row]\n","protected":false},"excerpt":{"rendered":"<p>[vc_row][vc_column width=&#8221;1\/2&#8243;][\/vc_column][vc_column width=&#8221;1\/2&#8243;][vc_column_text animation_delay=&#8221;0&#8243;]Derval: Derval est un fabricant et fournisseur leader de vannes pour les industries du p\u00e9trole, du gaz et de la production d&#8217;\u00e9lectricit\u00e9. Les principaux produits comprennent des robinets-vannes, des robinets \u00e0 soupape, des clapets anti-retour, une double plaque et des filtres, en acier forg\u00e9 ou coul\u00e9. Notre gamme de produits commence \u00e0 [&hellip;]<\/p>\n","protected":false},"author":1,"featured_media":0,"parent":0,"menu_order":0,"comment_status":"closed","ping_status":"closed","template":"page-vc.php","meta":{"om_disable_all_campaigns":false,"_monsterinsights_skip_tracking":false,"_monsterinsights_sitenote_active":false,"_monsterinsights_sitenote_note":"","_monsterinsights_sitenote_category":0,"footnotes":""},"class_list":["post-8069","page","type-page","status-publish","hentry"],"aioseo_notices":[],"_links":{"self":[{"href":"https:\/\/train-suarl.com\/index.php\/wp-json\/wp\/v2\/pages\/8069","targetHints":{"allow":["GET"]}}],"collection":[{"href":"https:\/\/train-suarl.com\/index.php\/wp-json\/wp\/v2\/pages"}],"about":[{"href":"https:\/\/train-suarl.com\/index.php\/wp-json\/wp\/v2\/types\/page"}],"author":[{"embeddable":true,"href":"https:\/\/train-suarl.com\/index.php\/wp-json\/wp\/v2\/users\/1"}],"replies":[{"embeddable":true,"href":"https:\/\/train-suarl.com\/index.php\/wp-json\/wp\/v2\/comments?post=8069"}],"version-history":[{"count":4,"href":"https:\/\/train-suarl.com\/index.php\/wp-json\/wp\/v2\/pages\/8069\/revisions"}],"predecessor-version":[{"id":18023,"href":"https:\/\/train-suarl.com\/index.php\/wp-json\/wp\/v2\/pages\/8069\/revisions\/18023"}],"wp:attachment":[{"href":"https:\/\/train-suarl.com\/index.php\/wp-json\/wp\/v2\/media?parent=8069"}],"curies":[{"name":"wp","href":"https:\/\/api.w.org\/{rel}","templated":true}]}}